{"id":64,"date":"2013-09-17T08:49:49","date_gmt":"2013-09-17T07:49:49","guid":{"rendered":"http:\/\/www.regard-emoi.fr\/?page_id=64"},"modified":"2013-12-26T21:33:35","modified_gmt":"2013-12-26T20:33:35","slug":"le-chateau-de-walmath","status":"publish","type":"page","link":"http:\/\/www.regard-emoi.fr\/?page_id=64","title":{"rendered":"CHATEAU DE WALMATH"},"content":{"rendered":"<div id=\"attachment_347\" style=\"width: 310px\" class=\"wp-caption aligncenter\"><a href=\"http:\/\/www.regard-emoi.fr\/wp-content\/uploads\/2013\/09\/WA-DSC_5372.jpg\"><img loading=\"lazy\" decoding=\"async\" aria-describedby=\"caption-attachment-347\" class=\"size-medium wp-image-347\" alt=\"SON ET LUMIERE\" src=\"http:\/\/www.regard-emoi.fr\/wp-content\/uploads\/2013\/09\/WA-DSC_5372-300x198.jpg\" width=\"300\" height=\"198\" \/><\/a><p id=\"caption-attachment-347\" class=\"wp-caption-text\">SON ET LUMIERE<\/p><\/div>\n<p>Ce magnifique ch\u00e2teau est situ\u00e9 sur la commune de ST Laurent les Eglises.<\/p>\n<p>Il date du XIX\u00e8me si\u00e8cle, \u00a0son\u00a0<strong>parc de 40 hectares<\/strong>\u00a0offre un cadre id\u00e9al \u00e0 l\u2019organisation d&rsquo;\u00e9v\u00e8nements&#8230;\u00a0<strong>Construit en 1875<\/strong>\u00a0par Jean-Baptiste MIGNON, ce ch\u00e2teau a \u00e9t\u00e9\u00a0<strong>enti\u00e8rement pill\u00e9 en d\u00e9cembre 1993<\/strong>.<\/p>\n<p><strong>Rachet\u00e9 par la famille DUCHAMBON en f\u00e9vrier 1994<\/strong>, le ch\u00e2teau a retrouv\u00e9 en partie son \u00e9clat d\u2019antan, gr\u00e2ce \u00e0 de\u00a0<strong>nombreux travaux de restauration<\/strong>.<\/p>\n<div><\/div>\n<div id='gallery-1' class='gallery galleryid-64 gallery-columns-3 gallery-size-thumbnail'><dl class='gallery-item'>\n\t\t\t<dt class='gallery-icon landscape'>\n\t\t\t\t<a href='http:\/\/www.regard-emoi.fr\/?attachment_id=349'><img loading=\"lazy\" decoding=\"async\" width=\"170\" height=\"150\" src=\"http:\/\/www.regard-emoi.fr\/wp-content\/uploads\/2013\/09\/WA-DSC_6968-170x150.jpg\" class=\"attachment-thumbnail size-thumbnail\" alt=\"\" aria-describedby=\"gallery-1-349\" \/><\/a>\n\t\t\t<\/dt>\n\t\t\t\t<dd class='wp-caption-text gallery-caption' id='gallery-1-349'>\n\t\t\t\tL&rsquo;all\u00e9e qui conduit au ch\u00e2teau\n\t\t\t\t<\/dd><\/dl><dl class='gallery-item'>\n\t\t\t<dt class='gallery-icon landscape'>\n\t\t\t\t<a href='http:\/\/www.regard-emoi.fr\/?attachment_id=245'><img loading=\"lazy\" decoding=\"async\" width=\"150\" height=\"150\" src=\"http:\/\/www.regard-emoi.fr\/wp-content\/uploads\/2013\/09\/WALM-150x150.jpg\" class=\"attachment-thumbnail size-thumbnail\" alt=\"\" aria-describedby=\"gallery-1-245\" \/><\/a>\n\t\t\t<\/dt>\n\t\t\t\t<dd class='wp-caption-text gallery-caption' id='gallery-1-245'>\n\t\t\t\tGRILLE DU CHATEAU\n\t\t\t\t<\/dd><\/dl><dl class='gallery-item'>\n\t\t\t<dt class='gallery-icon landscape'>\n\t\t\t\t<a href='http:\/\/www.regard-emoi.fr\/?attachment_id=350'><img loading=\"lazy\" decoding=\"async\" width=\"170\" height=\"150\" src=\"http:\/\/www.regard-emoi.fr\/wp-content\/uploads\/2013\/09\/WA-DSC_6982-170x150.jpg\" class=\"attachment-thumbnail size-thumbnail\" alt=\"\" aria-describedby=\"gallery-1-350\" \/><\/a>\n\t\t\t<\/dt>\n\t\t\t\t<dd class='wp-caption-text gallery-caption' id='gallery-1-350'>\n\t\t\t\tWALMATH\n\t\t\t\t<\/dd><\/dl><br style=\"clear: both\" \/><dl class='gallery-item'>\n\t\t\t<dt class='gallery-icon landscape'>\n\t\t\t\t<a href='http:\/\/www.regard-emoi.fr\/?attachment_id=351'><img loading=\"lazy\" decoding=\"async\" width=\"170\" height=\"150\" src=\"http:\/\/www.regard-emoi.fr\/wp-content\/uploads\/2013\/09\/WA-DSC_6994-170x150.jpg\" class=\"attachment-thumbnail size-thumbnail\" alt=\"\" aria-describedby=\"gallery-1-351\" \/><\/a>\n\t\t\t<\/dt>\n\t\t\t\t<dd class='wp-caption-text gallery-caption' id='gallery-1-351'>\n\t\t\t\tL&rsquo;\u00e9tang du Ch\u00e2teau\n\t\t\t\t<\/dd><\/dl><dl class='gallery-item'>\n\t\t\t<dt class='gallery-icon landscape'>\n\t\t\t\t<a href='http:\/\/www.regard-emoi.fr\/?attachment_id=352'><img loading=\"lazy\" decoding=\"async\" width=\"170\" height=\"150\" src=\"http:\/\/www.regard-emoi.fr\/wp-content\/uploads\/2013\/09\/WA-DSC_6998-170x150.jpg\" class=\"attachment-thumbnail size-thumbnail\" alt=\"\" aria-describedby=\"gallery-1-352\" \/><\/a>\n\t\t\t<\/dt>\n\t\t\t\t<dd class='wp-caption-text gallery-caption' id='gallery-1-352'>\n\t\t\t\tFONTAINE DE WALMATH\n\t\t\t\t<\/dd><\/dl><dl class='gallery-item'>\n\t\t\t<dt class='gallery-icon landscape'>\n\t\t\t\t<a href='http:\/\/www.regard-emoi.fr\/?attachment_id=464'><img loading=\"lazy\" decoding=\"async\" width=\"170\" height=\"150\" src=\"http:\/\/www.regard-emoi.fr\/wp-content\/uploads\/2013\/09\/LUSTRE-0070-170x150.jpeg\" class=\"attachment-thumbnail size-thumbnail\" alt=\"\" aria-describedby=\"gallery-1-464\" \/><\/a>\n\t\t\t<\/dt>\n\t\t\t\t<dd class='wp-caption-text gallery-caption' id='gallery-1-464'>\n\t\t\t\tLe lustre\n\t\t\t\t<\/dd><\/dl><br style=\"clear: both\" \/><dl class='gallery-item'>\n\t\t\t<dt class='gallery-icon portrait'>\n\t\t\t\t<a href='http:\/\/www.regard-emoi.fr\/?attachment_id=353'><img loading=\"lazy\" decoding=\"async\" width=\"170\" height=\"150\" src=\"http:\/\/www.regard-emoi.fr\/wp-content\/uploads\/2013\/09\/WA-DSC_7057-170x150.jpg\" class=\"attachment-thumbnail size-thumbnail\" alt=\"\" aria-describedby=\"gallery-1-353\" \/><\/a>\n\t\t\t<\/dt>\n\t\t\t\t<dd class='wp-caption-text gallery-caption' id='gallery-1-353'>\n\t\t\t\tD\u00e9tail de la fen\u00eatre du ch\u00e2teau \n\t\t\t\t<\/dd><\/dl><dl class='gallery-item'>\n\t\t\t<dt class='gallery-icon landscape'>\n\t\t\t\t<a href='http:\/\/www.regard-emoi.fr\/?attachment_id=347'><img loading=\"lazy\" decoding=\"async\" width=\"170\" height=\"150\" src=\"http:\/\/www.regard-emoi.fr\/wp-content\/uploads\/2013\/09\/WA-DSC_5372-170x150.jpg\" class=\"attachment-thumbnail size-thumbnail\" alt=\"\" aria-describedby=\"gallery-1-347\" \/><\/a>\n\t\t\t<\/dt>\n\t\t\t\t<dd class='wp-caption-text gallery-caption' id='gallery-1-347'>\n\t\t\t\tSON ET LUMIERE\n\t\t\t\t<\/dd><\/dl><dl class='gallery-item'>\n\t\t\t<dt class='gallery-icon landscape'>\n\t\t\t\t<a href='http:\/\/www.regard-emoi.fr\/?attachment_id=348'><img loading=\"lazy\" decoding=\"async\" width=\"170\" height=\"150\" src=\"http:\/\/www.regard-emoi.fr\/wp-content\/uploads\/2013\/09\/WA-DSC_5374-170x150.jpg\" class=\"attachment-thumbnail size-thumbnail\" alt=\"\" aria-describedby=\"gallery-1-348\" \/><\/a>\n\t\t\t<\/dt>\n\t\t\t\t<dd class='wp-caption-text gallery-caption' id='gallery-1-348'>\n\t\t\t\tSON ET LUMIERE\n\t\t\t\t<\/dd><\/dl><br style=\"clear: both\" \/><dl class='gallery-item'>\n\t\t\t<dt class='gallery-icon landscape'>\n\t\t\t\t<a href='http:\/\/www.regard-emoi.fr\/?attachment_id=356'><img loading=\"lazy\" decoding=\"async\" width=\"170\" height=\"150\" src=\"http:\/\/www.regard-emoi.fr\/wp-content\/uploads\/2013\/09\/WALMATH-31-170x150.jpg\" class=\"attachment-thumbnail size-thumbnail\" alt=\"\" aria-describedby=\"gallery-1-356\" \/><\/a>\n\t\t\t<\/dt>\n\t\t\t\t<dd class='wp-caption-text gallery-caption' id='gallery-1-356'>\n\t\t\t\tSI WALMATH  M ETAIT CONTE\n\t\t\t\t<\/dd><\/dl><dl class='gallery-item'>\n\t\t\t<dt class='gallery-icon landscape'>\n\t\t\t\t<a href='http:\/\/www.regard-emoi.fr\/?attachment_id=354'><img loading=\"lazy\" decoding=\"async\" width=\"170\" height=\"150\" src=\"http:\/\/www.regard-emoi.fr\/wp-content\/uploads\/2013\/09\/WA-DSC_7810-170x150.jpg\" class=\"attachment-thumbnail size-thumbnail\" alt=\"\" aria-describedby=\"gallery-1-354\" \/><\/a>\n\t\t\t<\/dt>\n\t\t\t\t<dd class='wp-caption-text gallery-caption' id='gallery-1-354'>\n\t\t\t\tl&rsquo;escalier de la l\u00e9gion d&rsquo;honneur\n\t\t\t\t<\/dd><\/dl><dl class='gallery-item'>\n\t\t\t<dt class='gallery-icon portrait'>\n\t\t\t\t<a href='http:\/\/www.regard-emoi.fr\/?attachment_id=359'><img loading=\"lazy\" decoding=\"async\" width=\"170\" height=\"150\" src=\"http:\/\/www.regard-emoi.fr\/wp-content\/uploads\/2013\/09\/DSC_3026-170x150.jpg\" class=\"attachment-thumbnail size-thumbnail\" alt=\"\" \/><\/a>\n\t\t\t<\/dt><\/dl><br style=\"clear: both\" \/><dl class='gallery-item'>\n\t\t\t<dt class='gallery-icon portrait'>\n\t\t\t\t<a href='http:\/\/www.regard-emoi.fr\/?attachment_id=360'><img loading=\"lazy\" decoding=\"async\" width=\"170\" height=\"150\" src=\"http:\/\/www.regard-emoi.fr\/wp-content\/uploads\/2013\/09\/DSC_3028-170x150.jpg\" class=\"attachment-thumbnail size-thumbnail\" alt=\"\" \/><\/a>\n\t\t\t<\/dt><\/dl><dl class='gallery-item'>\n\t\t\t<dt class='gallery-icon portrait'>\n\t\t\t\t<a href='http:\/\/www.regard-emoi.fr\/?attachment_id=361'><img loading=\"lazy\" decoding=\"async\" width=\"170\" height=\"150\" src=\"http:\/\/www.regard-emoi.fr\/wp-content\/uploads\/2013\/09\/DSC_3031-170x150.jpg\" class=\"attachment-thumbnail size-thumbnail\" alt=\"\" aria-describedby=\"gallery-1-361\" \/><\/a>\n\t\t\t<\/dt>\n\t\t\t\t<dd class='wp-caption-text gallery-caption' id='gallery-1-361'>\n\t\t\t\tLE VIN DU CHATEAU\n\t\t\t\t<\/dd><\/dl><dl class='gallery-item'>\n\t\t\t<dt class='gallery-icon landscape'>\n\t\t\t\t<a href='http:\/\/www.regard-emoi.fr\/?attachment_id=362'><img loading=\"lazy\" decoding=\"async\" width=\"170\" height=\"150\" src=\"http:\/\/www.regard-emoi.fr\/wp-content\/uploads\/2013\/09\/DSC_3177-170x150.jpg\" class=\"attachment-thumbnail size-thumbnail\" alt=\"\" aria-describedby=\"gallery-1-362\" \/><\/a>\n\t\t\t<\/dt>\n\t\t\t\t<dd class='wp-caption-text gallery-caption' id='gallery-1-362'>\n\t\t\t\tWALMATH\n\t\t\t\t<\/dd><\/dl><br style=\"clear: both\" \/><dl class='gallery-item'>\n\t\t\t<dt class='gallery-icon landscape'>\n\t\t\t\t<a href='http:\/\/www.regard-emoi.fr\/?attachment_id=461'><img loading=\"lazy\" decoding=\"async\" width=\"170\" height=\"150\" src=\"http:\/\/www.regard-emoi.fr\/wp-content\/uploads\/2013\/09\/WALMA_70171-170x150.jpg\" class=\"attachment-thumbnail size-thumbnail\" alt=\"\" aria-describedby=\"gallery-1-461\" \/><\/a>\n\t\t\t<\/dt>\n\t\t\t\t<dd class='wp-caption-text gallery-caption' id='gallery-1-461'>\n\t\t\t\tOEUVRE DE MR CUNY \n\t\t\t\t<\/dd><\/dl><dl class='gallery-item'>\n\t\t\t<dt class='gallery-icon landscape'>\n\t\t\t\t<a href='http:\/\/www.regard-emoi.fr\/?attachment_id=462'><img loading=\"lazy\" decoding=\"async\" width=\"170\" height=\"150\" src=\"http:\/\/www.regard-emoi.fr\/wp-content\/uploads\/2013\/09\/walmath.0070-170x150.jpeg\" class=\"attachment-thumbnail size-thumbnail\" alt=\"\" aria-describedby=\"gallery-1-462\" \/><\/a>\n\t\t\t<\/dt>\n\t\t\t\t<dd class='wp-caption-text gallery-caption' id='gallery-1-462'>\n\t\t\t\tCh\u00e2teau Walmath\n\t\t\t\t<\/dd><\/dl><dl class='gallery-item'>\n\t\t\t<dt class='gallery-icon portrait'>\n\t\t\t\t<a href='http:\/\/www.regard-emoi.fr\/?attachment_id=466'><img loading=\"lazy\" decoding=\"async\" width=\"170\" height=\"150\" src=\"http:\/\/www.regard-emoi.fr\/wp-content\/uploads\/2013\/09\/VERRIERE-170x150.jpg\" class=\"attachment-thumbnail size-thumbnail\" alt=\"\" aria-describedby=\"gallery-1-466\" \/><\/a>\n\t\t\t<\/dt>\n\t\t\t\t<dd class='wp-caption-text gallery-caption' id='gallery-1-466'>\n\t\t\t\tLa Verri\u00e8re\n\t\t\t\t<\/dd><\/dl><br style=\"clear: both\" \/><dl class='gallery-item'>\n\t\t\t<dt class='gallery-icon landscape'>\n\t\t\t\t<a href='http:\/\/www.regard-emoi.fr\/?attachment_id=467'><img loading=\"lazy\" decoding=\"async\" width=\"170\" height=\"150\" src=\"http:\/\/www.regard-emoi.fr\/wp-content\/uploads\/2013\/09\/WA-DSC_30251-170x150.jpg\" class=\"attachment-thumbnail size-thumbnail\" alt=\"\" aria-describedby=\"gallery-1-467\" \/><\/a>\n\t\t\t<\/dt>\n\t\t\t\t<dd class='wp-caption-text gallery-caption' id='gallery-1-467'>\n\t\t\t\tSalle de mariage\n\t\t\t\t<\/dd><\/dl>\n\t\t\t<br style='clear: both' \/>\n\t\t<\/div>\n\n<p>&nbsp;<\/p>\n<p>&nbsp;<\/p>\n<p>&nbsp;<\/p>\n","protected":false},"excerpt":{"rendered":"<p>Ce magnifique ch\u00e2teau est situ\u00e9 sur la commune de ST Laurent les Eglises. Il date du XIX\u00e8me si\u00e8cle, \u00a0son\u00a0parc de 40 hectares\u00a0offre un cadre id\u00e9al \u00e0 l\u2019organisation d&rsquo;\u00e9v\u00e8nements&#8230;\u00a0Construit en 1875\u00a0par Jean-Baptiste MIGNON, ce ch\u00e2teau a \u00e9t\u00e9\u00a0enti\u00e8rement pill\u00e9 en d\u00e9cembre 1993. &hellip; <a href=\"http:\/\/www.regard-emoi.fr\/?page_id=64\">Continuer la lecture <span class=\"meta-nav\">&rarr;<\/span><\/a><\/p>\n","protected":false},"author":1,"featured_media":388,"parent":0,"menu_order":0,"comment_status":"open","ping_status":"closed","template":"","meta":{"footnotes":""},"class_list":["post-64","page","type-page","status-publish","has-post-thumbnail","hentry"],"_links":{"self":[{"href":"http:\/\/www.regard-emoi.fr\/index.php?rest_route=\/wp\/v2\/pages\/64","targetHints":{"allow":["GET"]}}],"collection":[{"href":"http:\/\/www.regard-emoi.fr\/index.php?rest_route=\/wp\/v2\/pages"}],"about":[{"href":"http:\/\/www.regard-emoi.fr\/index.php?rest_route=\/wp\/v2\/types\/page"}],"author":[{"embeddable":true,"href":"http:\/\/www.regard-emoi.fr\/index.php?rest_route=\/wp\/v2\/users\/1"}],"replies":[{"embeddable":true,"href":"http:\/\/www.regard-emoi.fr\/index.php?rest_route=%2Fwp%2Fv2%2Fcomments&post=64"}],"version-history":[{"count":20,"href":"http:\/\/www.regard-emoi.fr\/index.php?rest_route=\/wp\/v2\/pages\/64\/revisions"}],"predecessor-version":[{"id":644,"href":"http:\/\/www.regard-emoi.fr\/index.php?rest_route=\/wp\/v2\/pages\/64\/revisions\/644"}],"wp:featuredmedia":[{"embeddable":true,"href":"http:\/\/www.regard-emoi.fr\/index.php?rest_route=\/wp\/v2\/media\/388"}],"wp:attachment":[{"href":"http:\/\/www.regard-emoi.fr\/index.php?rest_route=%2Fwp%2Fv2%2Fmedia&parent=64"}],"curies":[{"name":"wp","href":"https:\/\/api.w.org\/{rel}","templated":true}]}}